{"id":1440,"date":"2025-02-20T12:31:38","date_gmt":"2025-02-20T12:31:38","guid":{"rendered":"https:\/\/2025.chayagmbh.ch\/?page_id=1440"},"modified":"2025-03-11T17:58:27","modified_gmt":"2025-03-11T17:58:27","slug":"preise-dienstleistungen-erstgespraech","status":"publish","type":"page","link":"https:\/\/www.chayagmbh.ch\/en\/preise-dienstleistungen-erstgespraech\/","title":{"rendered":"Preise, Dienstleistungen &amp; Erstgespr\u00e4ch"},"content":{"rendered":"<div data-elementor-type=\"wp-page\" data-elementor-id=\"1440\" class=\"elementor elementor-1440\">\n\t\t\t\t<div class=\"elementor-element elementor-element-a510e9e e-flex e-con-boxed wpr-particle-no wpr-jarallax-no wpr-parallax-no wpr-sticky-section-no e-con e-parent\" data-id=\"a510e9e\" data-element_type=\"container\" data-settings=\"{&quot;background_background&quot;:&quot;slideshow&quot;,&quot;background_slideshow_gallery&quot;:[{&quot;id&quot;:236,&quot;url&quot;:&quot;https:\\\/\\\/2025.chayagmbh.ch\\\/wp-content\\\/uploads\\\/2025\\\/02\\\/web-Jacqueline-Cristina-Dietrich-Chaya-Design-GmbH-159.jpg&quot;},{&quot;id&quot;:1176,&quot;url&quot;:&quot;https:\\\/\\\/2025.chayagmbh.ch\\\/wp-content\\\/uploads\\\/2025\\\/02\\\/web-Jacqueline-Cristina-Dietrich-Chaya-Design-GmbH-127.jpg&quot;},{&quot;id&quot;:269,&quot;url&quot;:&quot;https:\\\/\\\/2025.chayagmbh.ch\\\/wp-content\\\/uploads\\\/2025\\\/02\\\/web-Jacqueline-Cristina-Dietrich-Chaya-Design-GmbH-120.jpg&quot;},{&quot;id&quot;:1179,&quot;url&quot;:&quot;https:\\\/\\\/2025.chayagmbh.ch\\\/wp-content\\\/uploads\\\/2025\\\/02\\\/Farben3.jpg&quot;},{&quot;id&quot;:1559,&quot;url&quot;:&quot;https:\\\/\\\/2025.chayagmbh.ch\\\/wp-content\\\/uploads\\\/2025\\\/02\\\/web-Jacqueline-Cristina-Dietrich-Chaya-Design-GmbH-141-1.jpg&quot;}],&quot;background_slideshow_slide_duration&quot;:4000,&quot;background_slideshow_transition_duration&quot;:2000,&quot;background_slideshow_loop&quot;:&quot;yes&quot;,&quot;background_slideshow_slide_transition&quot;:&quot;fade&quot;}\">\n\t\t\t\t\t<div class=\"e-con-inner\">\n\t\t\t\t<div class=\"elementor-element elementor-element-ec4539d elementor-widget elementor-widget-text-editor\" data-id=\"ec4539d\" data-element_type=\"widget\" data-widget_type=\"text-editor.default\">\n\t\t\t\t<div class=\"elementor-widget-container\">\n\t\t\t\t\t\t\t\t\t<p>Together, we will bring your style into your spaces.<\/p>\t\t\t\t\t\t\t\t<\/div>\n\t\t\t\t<\/div>\n\t\t\t\t<div class=\"elementor-element elementor-element-60f1885 elementor-widget elementor-widget-heading\" data-id=\"60f1885\" data-element_type=\"widget\" data-widget_type=\"heading.default\">\n\t\t\t\t<div class=\"elementor-widget-container\">\n\t\t\t\t\t<h1 class=\"elementor-heading-title elementor-size-default\">Preise &amp; Termin buchen<\/h1>\t\t\t\t<\/div>\n\t\t\t\t<\/div>\n\t\t\t\t\t<\/div>\n\t\t\t\t<\/div>\n\t\t<div class=\"elementor-element elementor-element-6ed98db e-flex e-con-boxed wpr-particle-no wpr-jarallax-no wpr-parallax-no wpr-sticky-section-no e-con e-parent\" data-id=\"6ed98db\" data-element_type=\"container\">\n\t\t\t\t\t<div class=\"e-con-inner\">\n\t\t<div class=\"elementor-element elementor-element-cd43a43 e-con-full e-flex wpr-particle-no wpr-jarallax-no wpr-parallax-no wpr-sticky-section-no e-con e-child\" data-id=\"cd43a43\" data-element_type=\"container\">\n\t\t\t\t<div class=\"elementor-element elementor-element-a4cae02 wpr-price-list-old-position-after elementor-widget elementor-widget-wpr-price-list\" data-id=\"a4cae02\" data-element_type=\"widget\" data-widget_type=\"wpr-price-list.default\">\n\t\t\t\t<div class=\"elementor-widget-container\">\n\t\t\t\t\t\n\t\t<div class=\"wpr-price-list\">\n\t\t\t\n\t\t\t\n\t\t\t\t<div class=\"wpr-price-list-item elementor-repeater-item-8bf4cdd elementor-clearfix\">\n\t\t\t\t\t\t\t\n\t\t\t\t\n\t\t\t\t\t<div class=\"wpr-price-list-content\">\n\t\t\t\t\t\t\n\t\t\t\t\t\t<div class=\"wpr-price-list-heading\">\n\t\t\t\t\t\t\t\n\t\t\t\t\t\t\t\t\t\t\t\t\t\t\t\n\t\t\t\t\t\t\t<span class=\"wpr-price-list-title\">Get to know each other \/ Discuss project scope<\/span>\t\t\t\t\t\t\t\n\t\t\t\t\t\t\t\t\t\t\t\t\t\t\n\t\t\t\t\t\t\t\t\t\t\t\t\t\n\t\t\t\t\t\t\t\t<span class=\"wpr-price-list-separator\"><\/span>\n\t\t\t\t\t\t\t\n\t\t\t\t\t\t\t\t\t\t\t\t\t\t\t<span class=\"wpr-price-list-price-wrap\">\n\t\t\t\t\t\t\t\t\t\t\n\t\t\t\t\t\t\t\t\t<span class=\"wpr-price-list-price\">free<\/span>\n\t\t\t\t\t\t\t\t\t\n\t\t\t\t\t\t\t\t\t\t\t\t\t\t\t\t\t<\/span>\n\t\t\t\t\t\t\t\n\t\t\t\t\t\t<\/div>\n\t\t\t\t\t\t\n\t\t\t\t\t\t\t\t\t\t\t\t\t<div class=\"wpr-price-list-description\">15-minute, non-binding, and free initial consultation<\/div>\n\t\t\t\t\t\t\t\t\t\t\t<\/div>\n\n\t\t\t\t<\/div>\n\n\t\t\t\t\n\t\t\t\t<div class=\"wpr-price-list-item elementor-repeater-item-4d957ac elementor-clearfix\">\n\t\t\t\t\t\t\t\n\t\t\t\t\n\t\t\t\t\t<div class=\"wpr-price-list-content\">\n\t\t\t\t\t\t\n\t\t\t\t\t\t<div class=\"wpr-price-list-heading\">\n\t\t\t\t\t\t\t\n\t\t\t\t\t\t\t\t\t\t\t\t\t\t\t\n\t\t\t\t\t\t\t<span class=\"wpr-price-list-title\">Online Consultation (f.e. Zoom)<\/span>\t\t\t\t\t\t\t\n\t\t\t\t\t\t\t\t\t\t\t\t\t\t\n\t\t\t\t\t\t\t\t\t\t\t\t\t\n\t\t\t\t\t\t\t\t<span class=\"wpr-price-list-separator\"><\/span>\n\t\t\t\t\t\t\t\n\t\t\t\t\t\t\t\t\t\t\t\t\t\t\t<span class=\"wpr-price-list-price-wrap\">\n\t\t\t\t\t\t\t\t\t\t\n\t\t\t\t\t\t\t\t\t<span class=\"wpr-price-list-price\">CHF 165.-<\/span>\n\t\t\t\t\t\t\t\t\t\n\t\t\t\t\t\t\t\t\t\t\t\t\t\t\t\t\t<\/span>\n\t\t\t\t\t\t\t\n\t\t\t\t\t\t<\/div>\n\t\t\t\t\t\t\n\t\t\t\t\t\t\t\t\t\t\t\t\t<div class=\"wpr-price-list-description\">60 Minutes<\/div>\n\t\t\t\t\t\t\t\t\t\t\t<\/div>\n\n\t\t\t\t<\/div>\n\n\t\t\t\t\n\t\t\t\t<div class=\"wpr-price-list-item elementor-repeater-item-320170e elementor-clearfix\">\n\t\t\t\t\t\t\t\n\t\t\t\t\n\t\t\t\t\t<div class=\"wpr-price-list-content\">\n\t\t\t\t\t\t\n\t\t\t\t\t\t<div class=\"wpr-price-list-heading\">\n\t\t\t\t\t\t\t\n\t\t\t\t\t\t\t\t\t\t\t\t\t\t\t\n\t\t\t\t\t\t\t<span class=\"wpr-price-list-title\">On-site consultation<\/span>\t\t\t\t\t\t\t\n\t\t\t\t\t\t\t\t\t\t\t\t\t\t\n\t\t\t\t\t\t\t\t\t\t\t\t\t\n\t\t\t\t\t\t\t\t<span class=\"wpr-price-list-separator\"><\/span>\n\t\t\t\t\t\t\t\n\t\t\t\t\t\t\t\t\t\t\t\t\t\t\t<span class=\"wpr-price-list-price-wrap\">\n\t\t\t\t\t\t\t\t\t\t\n\t\t\t\t\t\t\t\t\t<span class=\"wpr-price-list-price\">CHF 180.-<\/span>\n\t\t\t\t\t\t\t\t\t\n\t\t\t\t\t\t\t\t\t\t\t\t\t\t\t\t\t<\/span>\n\t\t\t\t\t\t\t\n\t\t\t\t\t\t<\/div>\n\t\t\t\t\t\t\n\t\t\t\t\t\t\t\t\t\t\t\t\t<div class=\"wpr-price-list-description\">60 Minutes<\/div>\n\t\t\t\t\t\t\t\t\t\t\t<\/div>\n\n\t\t\t\t<\/div>\n\n\t\t\t\t\t\t<\/div>\n\t\t\t\t\t\t<\/div>\n\t\t\t\t<\/div>\n\t\t\t\t<\/div>\n\t\t<div class=\"elementor-element elementor-element-6ed513f e-con-full e-flex wpr-particle-no wpr-jarallax-no wpr-parallax-no wpr-sticky-section-no e-con e-child\" data-id=\"6ed513f\" data-element_type=\"container\">\n\t\t\t\t<div class=\"elementor-element elementor-element-77c0d70 wpr-price-list-old-position-after elementor-widget elementor-widget-wpr-price-list\" data-id=\"77c0d70\" data-element_type=\"widget\" data-widget_type=\"wpr-price-list.default\">\n\t\t\t\t<div class=\"elementor-widget-container\">\n\t\t\t\t\t\n\t\t<div class=\"wpr-price-list\">\n\t\t\t\n\t\t\t\n\t\t\t\t<div class=\"wpr-price-list-item elementor-repeater-item-8bf4cdd elementor-clearfix\">\n\t\t\t\t\t\t\t\n\t\t\t\t\n\t\t\t\t\t<div class=\"wpr-price-list-content\">\n\t\t\t\t\t\t\n\t\t\t\t\t\t<div class=\"wpr-price-list-heading\">\n\t\t\t\t\t\t\t\n\t\t\t\t\t\t\t\t\t\t\t\t\t\t\t\n\t\t\t\t\t\t\t<span class=\"wpr-price-list-title\">Paket DIY pro m\u00b2<\/span>\t\t\t\t\t\t\t\n\t\t\t\t\t\t\t\t\t\t\t\t\t\t\n\t\t\t\t\t\t\t\t\t\t\t\t\t\n\t\t\t\t\t\t\t\t<span class=\"wpr-price-list-separator\"><\/span>\n\t\t\t\t\t\t\t\n\t\t\t\t\t\t\t\t\t\t\t\t\t\t\t<span class=\"wpr-price-list-price-wrap\">\n\t\t\t\t\t\t\t\t\t\t\n\t\t\t\t\t\t\t\t\t<span class=\"wpr-price-list-price\">CHF 65.-<\/span>\n\t\t\t\t\t\t\t\t\t\n\t\t\t\t\t\t\t\t\t\t\t\t\t\t\t\t\t<\/span>\n\t\t\t\t\t\t\t\n\t\t\t\t\t\t<\/div>\n\t\t\t\t\t\t\n\t\t\t\t\t\t\t\t\t\t\t\t\t<div class=\"wpr-price-list-description\">Price per square meter, includes project discussion, 3 moodboards, visualization, and shopping list.<\/div>\n\t\t\t\t\t\t\t\t\t\t\t<\/div>\n\n\t\t\t\t<\/div>\n\n\t\t\t\t\n\t\t\t\t<div class=\"wpr-price-list-item elementor-repeater-item-4d957ac elementor-clearfix\">\n\t\t\t\t\t\t\t\n\t\t\t\t\n\t\t\t\t\t<div class=\"wpr-price-list-content\">\n\t\t\t\t\t\t\n\t\t\t\t\t\t<div class=\"wpr-price-list-heading\">\n\t\t\t\t\t\t\t\n\t\t\t\t\t\t\t\t\t\t\t\t\t\t\t\n\t\t\t\t\t\t\t<span class=\"wpr-price-list-title\">Package Complete<\/span>\t\t\t\t\t\t\t\n\t\t\t\t\t\t\t\t\t\t\t\t\t\t\n\t\t\t\t\t\t\t\t\t\t\t\t\t\n\t\t\t\t\t\t\t\t<span class=\"wpr-price-list-separator\"><\/span>\n\t\t\t\t\t\t\t\n\t\t\t\t\t\t\t\t\t\t\t\t\t\t\t<span class=\"wpr-price-list-price-wrap\">\n\t\t\t\t\t\t\t\t\t\t\n\t\t\t\t\t\t\t\t\t<span class=\"wpr-price-list-price\">individual or CHF 165.-\/h<\/span>\n\t\t\t\t\t\t\t\t\t\n\t\t\t\t\t\t\t\t\t\t\t\t\t\t\t\t\t<\/span>\n\t\t\t\t\t\t\t\n\t\t\t\t\t\t<\/div>\n\t\t\t\t\t\t\n\t\t\t\t\t\t\t\t\t\t\t\t\t<div class=\"wpr-price-list-description\">Includes project discussion, moodboards, visualizations, and project management from A to Z (renovation and remodeling work, shopping, furnishing, cleaning, handover).<\/div>\n\t\t\t\t\t\t\t\t\t\t\t<\/div>\n\n\t\t\t\t<\/div>\n\n\t\t\t\t\t\t<\/div>\n\t\t\t\t\t\t<\/div>\n\t\t\t\t<\/div>\n\t\t\t\t<\/div>\n\t\t\t\t\t<\/div>\n\t\t\t\t<\/div>\n\t\t<div class=\"elementor-element elementor-element-b086642 e-flex e-con-boxed wpr-particle-no wpr-jarallax-no wpr-parallax-no wpr-sticky-section-no e-con e-parent\" data-id=\"b086642\" data-element_type=\"container\">\n\t\t\t\t\t<div class=\"e-con-inner\">\n\t\t\t\t<div class=\"elementor-element elementor-element-6571d4b elementor-widget elementor-widget-heading\" data-id=\"6571d4b\" data-element_type=\"widget\" data-widget_type=\"heading.default\">\n\t\t\t\t<div class=\"elementor-widget-container\">\n\t\t\t\t\t<h2 class=\"elementor-heading-title elementor-size-default\">Book your initial consultation now.<\/h2>\t\t\t\t<\/div>\n\t\t\t\t<\/div>\n\t\t\t\t\t<\/div>\n\t\t\t\t<\/div>\n\t\t<div class=\"elementor-element elementor-element-eed2b4f e-flex e-con-boxed wpr-particle-no wpr-jarallax-no wpr-parallax-no wpr-sticky-section-no e-con e-parent\" data-id=\"eed2b4f\" data-element_type=\"container\">\n\t\t\t\t\t<div class=\"e-con-inner\">\n\t\t<div class=\"elementor-element elementor-element-be9f963 e-con-full e-flex wpr-particle-no wpr-jarallax-no wpr-parallax-no wpr-sticky-section-no e-con e-child\" data-id=\"be9f963\" data-element_type=\"container\">\n\t\t\t\t<div class=\"elementor-element elementor-element-f7d2924 elementor-widget elementor-widget-text-editor\" data-id=\"f7d2924\" data-element_type=\"widget\" data-widget_type=\"text-editor.default\">\n\t\t\t\t<div class=\"elementor-widget-container\">\n\t\t\t\t\t\t\t\t\t<p>I look forward to meeting you and learning more about your project.<\/p>\t\t\t\t\t\t\t\t<\/div>\n\t\t\t\t<\/div>\n\t\t\t\t<div class=\"elementor-element elementor-element-212ec79 elementor-widget elementor-widget-image\" data-id=\"212ec79\" data-element_type=\"widget\" data-widget_type=\"image.default\">\n\t\t\t\t<div class=\"elementor-widget-container\">\n\t\t\t\t\t\t\t\t\t\t\t\t\t\t\t<img decoding=\"async\" src=\"https:\/\/www.chayagmbh.ch\/wp-content\/uploads\/elementor\/thumbs\/Jacqueline-Dietrich-r1c92jev3mzxwpvfib6dxmkans39pn4v1egpnuqk6o.png\" title=\"Jacqueline Dietrich\" alt=\"Jacqueline Dietrich\" loading=\"lazy\" \/>\t\t\t\t\t\t\t\t\t\t\t\t\t\t\t<\/div>\n\t\t\t\t<\/div>\n\t\t\t\t<div class=\"elementor-element elementor-element-87e9db3 elementor-widget elementor-widget-text-editor\" data-id=\"87e9db3\" data-element_type=\"widget\" data-widget_type=\"text-editor.default\">\n\t\t\t\t<div class=\"elementor-widget-container\">\n\t\t\t\t\t\t\t\t\t<p>Jacqueline Dietrich\u00a0<br \/><a href=\"mailto:hello@chayagmbh.ch\">hello@chayagmbh.ch<\/a><\/p>\t\t\t\t\t\t\t\t<\/div>\n\t\t\t\t<\/div>\n\t\t\t\t<div class=\"elementor-element elementor-element-caaf38d elementor-shape-circle e-grid-align-left elementor-grid-0 elementor-widget elementor-widget-social-icons\" data-id=\"caaf38d\" data-element_type=\"widget\" data-widget_type=\"social-icons.default\">\n\t\t\t\t<div class=\"elementor-widget-container\">\n\t\t\t\t\t\t\t<div class=\"elementor-social-icons-wrapper elementor-grid\" role=\"list\">\n\t\t\t\t\t\t\t<span class=\"elementor-grid-item\" role=\"listitem\">\n\t\t\t\t\t<a class=\"elementor-icon elementor-social-icon elementor-social-icon-instagram elementor-animation-grow elementor-repeater-item-00ed8dc\" href=\"https:\/\/www.instagram.com\/chayadesigngmbh\/\" target=\"_blank\">\n\t\t\t\t\t\t<span class=\"elementor-screen-only\">Instagram<\/span>\n\t\t\t\t\t\t<svg class=\"e-font-icon-svg e-fab-instagram\" viewbox=\"0 0 448 512\" xmlns=\"http:\/\/www.w3.org\/2000\/svg\"><path d=\"M224.1 141c-63.6 0-114.9 51.3-114.9 114.9s51.3 114.9 114.9 114.9S339 319.5 339 255.9 287.7 141 224.1 141zm0 189.6c-41.1 0-74.7-33.5-74.7-74.7s33.5-74.7 74.7-74.7 74.7 33.5 74.7 74.7-33.6 74.7-74.7 74.7zm146.4-194.3c0 14.9-12 26.8-26.8 26.8-14.9 0-26.8-12-26.8-26.8s12-26.8 26.8-26.8 26.8 12 26.8 26.8zm76.1 27.2c-1.7-35.9-9.9-67.7-36.2-93.9-26.2-26.2-58-34.4-93.9-36.2-37-2.1-147.9-2.1-184.9 0-35.8 1.7-67.6 9.9-93.9 36.1s-34.4 58-36.2 93.9c-2.1 37-2.1 147.9 0 184.9 1.7 35.9 9.9 67.7 36.2 93.9s58 34.4 93.9 36.2c37 2.1 147.9 2.1 184.9 0 35.9-1.7 67.7-9.9 93.9-36.2 26.2-26.2 34.4-58 36.2-93.9 2.1-37 2.1-147.8 0-184.8zM398.8 388c-7.8 19.6-22.9 34.7-42.6 42.6-29.5 11.7-99.5 9-132.1 9s-102.7 2.6-132.1-9c-19.6-7.8-34.7-22.9-42.6-42.6-11.7-29.5-9-99.5-9-132.1s-2.6-102.7 9-132.1c7.8-19.6 22.9-34.7 42.6-42.6 29.5-11.7 99.5-9 132.1-9s102.7-2.6 132.1 9c19.6 7.8 34.7 22.9 42.6 42.6 11.7 29.5 9 99.5 9 132.1s2.7 102.7-9 132.1z\"><\/path><\/svg>\t\t\t\t\t<\/a>\n\t\t\t\t<\/span>\n\t\t\t\t\t\t\t<span class=\"elementor-grid-item\" role=\"listitem\">\n\t\t\t\t\t<a class=\"elementor-icon elementor-social-icon elementor-social-icon-pinterest elementor-animation-grow elementor-repeater-item-95d126a\" href=\"https:\/\/in.pinterest.com\/chayadesigngmbh\/\" target=\"_blank\">\n\t\t\t\t\t\t<span class=\"elementor-screen-only\">Pinterest<\/span>\n\t\t\t\t\t\t<svg class=\"e-font-icon-svg e-fab-pinterest\" viewbox=\"0 0 496 512\" xmlns=\"http:\/\/www.w3.org\/2000\/svg\"><path d=\"M496 256c0 137-111 248-248 248-25.6 0-50.2-3.9-73.4-11.1 10.1-16.5 25.2-43.5 30.8-65 3-11.6 15.4-59 15.4-59 8.1 15.4 31.7 28.5 56.8 28.5 74.8 0 128.7-68.8 128.7-154.3 0-81.9-66.9-143.2-152.9-143.2-107 0-163.9 71.8-163.9 150.1 0 36.4 19.4 81.7 50.3 96.1 4.7 2.2 7.2 1.2 8.3-3.3.8-3.4 5-20.3 6.9-28.1.6-2.5.3-4.7-1.7-7.1-10.1-12.5-18.3-35.3-18.3-56.6 0-54.7 41.4-107.6 112-107.6 60.9 0 103.6 41.5 103.6 100.9 0 67.1-33.9 113.6-78 113.6-24.3 0-42.6-20.1-36.7-44.8 7-29.5 20.5-61.3 20.5-82.6 0-19-10.2-34.9-31.4-34.9-24.9 0-44.9 25.7-44.9 60.2 0 22 7.4 36.8 7.4 36.8s-24.5 103.8-29 123.2c-5 21.4-3 51.6-.9 71.2C65.4 450.9 0 361.1 0 256 0 119 111 8 248 8s248 111 248 248z\"><\/path><\/svg>\t\t\t\t\t<\/a>\n\t\t\t\t<\/span>\n\t\t\t\t\t\t\t<span class=\"elementor-grid-item\" role=\"listitem\">\n\t\t\t\t\t<a class=\"elementor-icon elementor-social-icon elementor-social-icon-linkedin elementor-animation-grow elementor-repeater-item-4df8944\" href=\"https:\/\/www.linkedin.com\/company\/chaya-design-gmbh\/posts\/?feedView=all\" target=\"_blank\">\n\t\t\t\t\t\t<span class=\"elementor-screen-only\">Linkedin<\/span>\n\t\t\t\t\t\t<svg class=\"e-font-icon-svg e-fab-linkedin\" viewbox=\"0 0 448 512\" xmlns=\"http:\/\/www.w3.org\/2000\/svg\"><path d=\"M416 32H31.9C14.3 32 0 46.5 0 64.3v383.4C0 465.5 14.3 480 31.9 480H416c17.6 0 32-14.5 32-32.3V64.3c0-17.8-14.4-32.3-32-32.3zM135.4 416H69V202.2h66.5V416zm-33.2-243c-21.3 0-38.5-17.3-38.5-38.5S80.9 96 102.2 96c21.2 0 38.5 17.3 38.5 38.5 0 21.3-17.2 38.5-38.5 38.5zm282.1 243h-66.4V312c0-24.8-.5-56.7-34.5-56.7-34.6 0-39.9 27-39.9 54.9V416h-66.4V202.2h63.7v29.2h.9c8.9-16.8 30.6-34.5 62.9-34.5 67.2 0 79.7 44.3 79.7 101.9V416z\"><\/path><\/svg>\t\t\t\t\t<\/a>\n\t\t\t\t<\/span>\n\t\t\t\t\t<\/div>\n\t\t\t\t\t\t<\/div>\n\t\t\t\t<\/div>\n\t\t\t\t<\/div>\n\t\t<div class=\"elementor-element elementor-element-a711525 e-con-full e-flex wpr-particle-no wpr-jarallax-no wpr-parallax-no wpr-sticky-section-no e-con e-child\" data-id=\"a711525\" data-element_type=\"container\">\n\t\t\t\t<div class=\"elementor-element elementor-element-78aab6c elementor-widget elementor-widget-html\" data-id=\"78aab6c\" data-element_type=\"widget\" data-widget_type=\"html.default\">\n\t\t\t\t<div class=\"elementor-widget-container\">\n\t\t\t\t\t<!-- Calendly inline widget begin -->\n<div class=\"calendly-inline-widget\" data-url=\"https:\/\/calendly.com\/hello-chayagmbh\/15min-erstgespraech?hide_event_type_details=1&hide_gdpr_banner=1&primary_color=5c0700\" style=\"min-width:320px;height:700px;\"><\/div>\n<script type=\"text\/javascript\" src=\"https:\/\/assets.calendly.com\/assets\/external\/widget.js\" async><\/script>\n<!-- Calendly inline widget end -->\t\t\t\t<\/div>\n\t\t\t\t<\/div>\n\t\t\t\t<\/div>\n\t\t\t\t\t<\/div>\n\t\t\t\t<\/div>\n\t\t<div class=\"elementor-element elementor-element-32cfc94 e-flex e-con-boxed wpr-particle-no wpr-jarallax-no wpr-parallax-no wpr-sticky-section-no e-con e-parent\" data-id=\"32cfc94\" data-element_type=\"container\">\n\t\t\t\t\t<div class=\"e-con-inner\">\n\t\t\t\t\t<\/div>\n\t\t\t\t<\/div>\n\t\t\t\t<\/div>","protected":false},"excerpt":{"rendered":"<p>Gemeinsam bringen wir Ihren Stil in Ihre R\u00e4ume. Preise &amp; Termin buchen Kennenlernen \/ Projektumfang besprechen kostenlos 15 Minuten, unverbindliches und kostenloses Erstgespr\u00e4ch Beratung via Zoom CHF 165.- 60 Minuten Beratung vor Ort CHF 180.- 60 Minuten Paket DIY pro m\u00b2 CHF 65.- Preis pro Quadratmeter, beinhaltet Projektbesprechung, 3 Moodboards, Visualisierung, Einkaufsliste Paket Complete individuell oder CHF 165.-\/h Beinhaltet Projektbesprechung, Moodboards, Visualisierungen, Projektbegleitung von A bis Z (Umbau- und Renovationsarbeiten, Einkauf, M\u00f6blierung, Reinigung, \u00dcbergabe) Buchen Sie jetzt ein unverbidnliches Erstgespr\u00e4ch Ich freue mich, Sie kennenzulernen und mehr \u00fcber Ihr Projekt zu erfahren. Jacqueline Dietrich\u00a0hello@chayagmbh.ch Instagram Pinterest Linkedin<\/p>","protected":false},"author":2,"featured_media":0,"parent":0,"menu_order":0,"comment_status":"closed","ping_status":"closed","template":"elementor_canvas","meta":{"footnotes":""},"class_list":["post-1440","page","type-page","status-publish","hentry"],"yoast_head":"<!-- This site is optimized with the Yoast SEO plugin v25.6 - https:\/\/yoast.com\/wordpress\/plugins\/seo\/ -->\n<title>Angebot Interior Design Rapperswil-Jona<\/title>\n<meta name=\"description\" content=\"Jeder Raum verdient eine durchdachte Gestaltung, die Funktionalit\u00e4t &amp; \u00c4sthetik verbindet. Gerne begleite ich Sie bei Ihrem Interior Projekt.\" \/>\n<meta name=\"robots\" content=\"index, follow, max-snippet:-1, max-image-preview:large, max-video-preview:-1\" \/>\n<link rel=\"canonical\" href=\"https:\/\/www.chayagmbh.ch\/en\/preise-dienstleistungen-erstgespraech\/\" \/>\n<meta property=\"og:locale\" content=\"en_US\" \/>\n<meta property=\"og:type\" content=\"article\" \/>\n<meta property=\"og:title\" content=\"Angebot Interior Design Rapperswil-Jona\" \/>\n<meta property=\"og:description\" content=\"Jeder Raum verdient eine durchdachte Gestaltung, die Funktionalit\u00e4t &amp; \u00c4sthetik verbindet. Gerne begleite ich Sie bei Ihrem Interior Projekt.\" \/>\n<meta property=\"og:url\" content=\"https:\/\/www.chayagmbh.ch\/en\/preise-dienstleistungen-erstgespraech\/\" \/>\n<meta property=\"og:site_name\" content=\"Chaya Design GmbH\" \/>\n<meta property=\"article:modified_time\" content=\"2025-03-11T17:58:27+00:00\" \/>\n<meta property=\"og:image\" content=\"https:\/\/2025.chayagmbh.ch\/wp-content\/uploads\/elementor\/thumbs\/Jacqueline-Dietrich-r1c92jev3mzxwpvfib6dxmkans39pn4v1egpnuqk6o.png\" \/>\n<meta name=\"twitter:card\" content=\"summary_large_image\" \/>\n<meta name=\"twitter:label1\" content=\"Est. reading time\" \/>\n\t<meta name=\"twitter:data1\" content=\"1 minute\" \/>\n<script type=\"application\/ld+json\" class=\"yoast-schema-graph\">{\"@context\":\"https:\/\/schema.org\",\"@graph\":[{\"@type\":\"WebPage\",\"@id\":\"https:\/\/www.chayagmbh.ch\/preise-dienstleistungen-erstgespraech\/\",\"url\":\"https:\/\/www.chayagmbh.ch\/preise-dienstleistungen-erstgespraech\/\",\"name\":\"Angebot Interior Design Rapperswil-Jona\",\"isPartOf\":{\"@id\":\"https:\/\/www.chayagmbh.ch\/#website\"},\"primaryImageOfPage\":{\"@id\":\"https:\/\/www.chayagmbh.ch\/preise-dienstleistungen-erstgespraech\/#primaryimage\"},\"image\":{\"@id\":\"https:\/\/www.chayagmbh.ch\/preise-dienstleistungen-erstgespraech\/#primaryimage\"},\"thumbnailUrl\":\"https:\/\/2025.chayagmbh.ch\/wp-content\/uploads\/elementor\/thumbs\/Jacqueline-Dietrich-r1c92jev3mzxwpvfib6dxmkans39pn4v1egpnuqk6o.png\",\"datePublished\":\"2025-02-20T12:31:38+00:00\",\"dateModified\":\"2025-03-11T17:58:27+00:00\",\"description\":\"Jeder Raum verdient eine durchdachte Gestaltung, die Funktionalit\u00e4t & \u00c4sthetik verbindet. Gerne begleite ich Sie bei Ihrem Interior Projekt.\",\"breadcrumb\":{\"@id\":\"https:\/\/www.chayagmbh.ch\/preise-dienstleistungen-erstgespraech\/#breadcrumb\"},\"inLanguage\":\"en-US\",\"potentialAction\":[{\"@type\":\"ReadAction\",\"target\":[\"https:\/\/www.chayagmbh.ch\/preise-dienstleistungen-erstgespraech\/\"]}]},{\"@type\":\"ImageObject\",\"inLanguage\":\"en-US\",\"@id\":\"https:\/\/www.chayagmbh.ch\/preise-dienstleistungen-erstgespraech\/#primaryimage\",\"url\":\"https:\/\/2025.chayagmbh.ch\/wp-content\/uploads\/elementor\/thumbs\/Jacqueline-Dietrich-r1c92jev3mzxwpvfib6dxmkans39pn4v1egpnuqk6o.png\",\"contentUrl\":\"https:\/\/2025.chayagmbh.ch\/wp-content\/uploads\/elementor\/thumbs\/Jacqueline-Dietrich-r1c92jev3mzxwpvfib6dxmkans39pn4v1egpnuqk6o.png\"},{\"@type\":\"BreadcrumbList\",\"@id\":\"https:\/\/www.chayagmbh.ch\/preise-dienstleistungen-erstgespraech\/#breadcrumb\",\"itemListElement\":[{\"@type\":\"ListItem\",\"position\":1,\"name\":\"Startseite\",\"item\":\"https:\/\/www.chayagmbh.ch\/\"},{\"@type\":\"ListItem\",\"position\":2,\"name\":\"Preise, Dienstleistungen &amp; Erstgespr\u00e4ch\"}]},{\"@type\":\"WebSite\",\"@id\":\"https:\/\/www.chayagmbh.ch\/#website\",\"url\":\"https:\/\/www.chayagmbh.ch\/\",\"name\":\"Chaya Design GmbH\",\"description\":\"Chaya Design GmbH\",\"potentialAction\":[{\"@type\":\"SearchAction\",\"target\":{\"@type\":\"EntryPoint\",\"urlTemplate\":\"https:\/\/www.chayagmbh.ch\/?s={search_term_string}\"},\"query-input\":{\"@type\":\"PropertyValueSpecification\",\"valueRequired\":true,\"valueName\":\"search_term_string\"}}],\"inLanguage\":\"en-US\"}]}<\/script>\n<!-- \/ Yoast SEO plugin. -->","yoast_head_json":{"title":"Angebot Interior Design Rapperswil-Jona","description":"Jeder Raum verdient eine durchdachte Gestaltung, die Funktionalit\u00e4t & \u00c4sthetik verbindet. Gerne begleite ich Sie bei Ihrem Interior Projekt.","robots":{"index":"index","follow":"follow","max-snippet":"max-snippet:-1","max-image-preview":"max-image-preview:large","max-video-preview":"max-video-preview:-1"},"canonical":"https:\/\/www.chayagmbh.ch\/en\/preise-dienstleistungen-erstgespraech\/","og_locale":"en_US","og_type":"article","og_title":"Angebot Interior Design Rapperswil-Jona","og_description":"Jeder Raum verdient eine durchdachte Gestaltung, die Funktionalit\u00e4t & \u00c4sthetik verbindet. Gerne begleite ich Sie bei Ihrem Interior Projekt.","og_url":"https:\/\/www.chayagmbh.ch\/en\/preise-dienstleistungen-erstgespraech\/","og_site_name":"Chaya Design GmbH","article_modified_time":"2025-03-11T17:58:27+00:00","og_image":[{"url":"https:\/\/2025.chayagmbh.ch\/wp-content\/uploads\/elementor\/thumbs\/Jacqueline-Dietrich-r1c92jev3mzxwpvfib6dxmkans39pn4v1egpnuqk6o.png","type":"","width":"","height":""}],"twitter_card":"summary_large_image","twitter_misc":{"Est. reading time":"1 minute"},"schema":{"@context":"https:\/\/schema.org","@graph":[{"@type":"WebPage","@id":"https:\/\/www.chayagmbh.ch\/preise-dienstleistungen-erstgespraech\/","url":"https:\/\/www.chayagmbh.ch\/preise-dienstleistungen-erstgespraech\/","name":"Angebot Interior Design Rapperswil-Jona","isPartOf":{"@id":"https:\/\/www.chayagmbh.ch\/#website"},"primaryImageOfPage":{"@id":"https:\/\/www.chayagmbh.ch\/preise-dienstleistungen-erstgespraech\/#primaryimage"},"image":{"@id":"https:\/\/www.chayagmbh.ch\/preise-dienstleistungen-erstgespraech\/#primaryimage"},"thumbnailUrl":"https:\/\/2025.chayagmbh.ch\/wp-content\/uploads\/elementor\/thumbs\/Jacqueline-Dietrich-r1c92jev3mzxwpvfib6dxmkans39pn4v1egpnuqk6o.png","datePublished":"2025-02-20T12:31:38+00:00","dateModified":"2025-03-11T17:58:27+00:00","description":"Jeder Raum verdient eine durchdachte Gestaltung, die Funktionalit\u00e4t & \u00c4sthetik verbindet. Gerne begleite ich Sie bei Ihrem Interior Projekt.","breadcrumb":{"@id":"https:\/\/www.chayagmbh.ch\/preise-dienstleistungen-erstgespraech\/#breadcrumb"},"inLanguage":"en-US","potentialAction":[{"@type":"ReadAction","target":["https:\/\/www.chayagmbh.ch\/preise-dienstleistungen-erstgespraech\/"]}]},{"@type":"ImageObject","inLanguage":"en-US","@id":"https:\/\/www.chayagmbh.ch\/preise-dienstleistungen-erstgespraech\/#primaryimage","url":"https:\/\/2025.chayagmbh.ch\/wp-content\/uploads\/elementor\/thumbs\/Jacqueline-Dietrich-r1c92jev3mzxwpvfib6dxmkans39pn4v1egpnuqk6o.png","contentUrl":"https:\/\/2025.chayagmbh.ch\/wp-content\/uploads\/elementor\/thumbs\/Jacqueline-Dietrich-r1c92jev3mzxwpvfib6dxmkans39pn4v1egpnuqk6o.png"},{"@type":"BreadcrumbList","@id":"https:\/\/www.chayagmbh.ch\/preise-dienstleistungen-erstgespraech\/#breadcrumb","itemListElement":[{"@type":"ListItem","position":1,"name":"Startseite","item":"https:\/\/www.chayagmbh.ch\/"},{"@type":"ListItem","position":2,"name":"Preise, Dienstleistungen &amp; Erstgespr\u00e4ch"}]},{"@type":"WebSite","@id":"https:\/\/www.chayagmbh.ch\/#website","url":"https:\/\/www.chayagmbh.ch\/","name":"Chaya Design GmbH","description":"Chaya Design GmbH","potentialAction":[{"@type":"SearchAction","target":{"@type":"EntryPoint","urlTemplate":"https:\/\/www.chayagmbh.ch\/?s={search_term_string}"},"query-input":{"@type":"PropertyValueSpecification","valueRequired":true,"valueName":"search_term_string"}}],"inLanguage":"en-US"}]}},"_links":{"self":[{"href":"https:\/\/www.chayagmbh.ch\/en\/wp-json\/wp\/v2\/pages\/1440","targetHints":{"allow":["GET"]}}],"collection":[{"href":"https:\/\/www.chayagmbh.ch\/en\/wp-json\/wp\/v2\/pages"}],"about":[{"href":"https:\/\/www.chayagmbh.ch\/en\/wp-json\/wp\/v2\/types\/page"}],"author":[{"embeddable":true,"href":"https:\/\/www.chayagmbh.ch\/en\/wp-json\/wp\/v2\/users\/2"}],"replies":[{"embeddable":true,"href":"https:\/\/www.chayagmbh.ch\/en\/wp-json\/wp\/v2\/comments?post=1440"}],"version-history":[{"count":0,"href":"https:\/\/www.chayagmbh.ch\/en\/wp-json\/wp\/v2\/pages\/1440\/revisions"}],"wp:attachment":[{"href":"https:\/\/www.chayagmbh.ch\/en\/wp-json\/wp\/v2\/media?parent=1440"}],"curies":[{"name":"wp","href":"https:\/\/api.w.org\/{rel}","templated":true}]}}