{"id":219,"date":"2024-05-20T07:54:44","date_gmt":"2024-05-20T07:54:44","guid":{"rendered":"https:\/\/demosites.royal-elementor-addons.com\/graphic-nature-v1\/?page_id=8"},"modified":"2025-03-11T22:03:06","modified_gmt":"2025-03-11T22:03:06","slug":"ueber-mich","status":"publish","type":"page","link":"https:\/\/www.chayagmbh.ch\/en\/ueber-mich\/","title":{"rendered":"About me"},"content":{"rendered":"<div data-elementor-type=\"wp-page\" data-elementor-id=\"219\" class=\"elementor elementor-219\">\n\t\t\t\t<div class=\"elementor-element elementor-element-41bfa96 e-flex e-con-boxed wpr-particle-no wpr-jarallax-no wpr-parallax-no wpr-sticky-section-no e-con e-parent\" data-id=\"41bfa96\" data-element_type=\"container\" data-settings=\"{&quot;background_background&quot;:&quot;slideshow&quot;,&quot;background_slideshow_gallery&quot;:[{&quot;id&quot;:657,&quot;url&quot;:&quot;https:\\\/\\\/www.chayagmbh.ch\\\/wp-content\\\/uploads\\\/2025\\\/02\\\/web-Jacqueline-Cristina-Dietrich-Chaya-Design-GmbH-30.jpg&quot;}],&quot;background_slideshow_slide_duration&quot;:4000,&quot;background_slideshow_transition_duration&quot;:2000,&quot;background_slideshow_loop&quot;:&quot;yes&quot;,&quot;background_slideshow_slide_transition&quot;:&quot;fade&quot;}\">\n\t\t\t\t\t<div class=\"e-con-inner\">\n\t\t\t\t<div class=\"elementor-element elementor-element-6d1b8ac elementor-widget elementor-widget-text-editor\" data-id=\"6d1b8ac\" data-element_type=\"widget\" data-widget_type=\"text-editor.default\">\n\t\t\t\t<div class=\"elementor-widget-container\">\n\t\t\t\t\t\t\t\t\t<p>Jacqueline Dietrich<\/p>\t\t\t\t\t\t\t\t<\/div>\n\t\t\t\t<\/div>\n\t\t\t\t<div class=\"elementor-element elementor-element-0296cc5 elementor-widget elementor-widget-heading\" data-id=\"0296cc5\" data-element_type=\"widget\" data-widget_type=\"heading.default\">\n\t\t\t\t<div class=\"elementor-widget-container\">\n\t\t\t\t\t<h1 class=\"elementor-heading-title elementor-size-default\">About me<\/h1>\t\t\t\t<\/div>\n\t\t\t\t<\/div>\n\t\t\t\t\t<\/div>\n\t\t\t\t<\/div>\n\t\t<div class=\"elementor-element elementor-element-2bf660f e-con-full e-flex wpr-particle-no wpr-jarallax-no wpr-parallax-no wpr-sticky-section-no e-con e-parent\" data-id=\"2bf660f\" data-element_type=\"container\">\n\t\t<div class=\"elementor-element elementor-element-ec70c72 e-con-full e-flex wpr-particle-no wpr-jarallax-no wpr-parallax-no wpr-sticky-section-no e-con e-child\" data-id=\"ec70c72\" data-element_type=\"container\">\n\t\t\t\t<div class=\"elementor-element elementor-element-fc970a7 elementor-invisible elementor-widget elementor-widget-image\" data-id=\"fc970a7\" data-element_type=\"widget\" data-settings=\"{&quot;_animation&quot;:&quot;fadeInLeft&quot;,&quot;_animation_mobile&quot;:&quot;none&quot;}\" data-widget_type=\"image.default\">\n\t\t\t\t<div class=\"elementor-widget-container\">\n\t\t\t\t\t\t\t\t\t\t\t\t\t\t\t<img fetchpriority=\"high\" decoding=\"async\" width=\"1500\" height=\"1000\" src=\"https:\/\/www.chayagmbh.ch\/wp-content\/uploads\/2025\/02\/web-Jacqueline-Cristina-Dietrich-Chaya-Design-GmbH-15.jpg\" class=\"attachment-full size-full wp-image-226\" alt=\"\" srcset=\"https:\/\/www.chayagmbh.ch\/wp-content\/uploads\/2025\/02\/web-Jacqueline-Cristina-Dietrich-Chaya-Design-GmbH-15.jpg 1500w, https:\/\/www.chayagmbh.ch\/wp-content\/uploads\/2025\/02\/web-Jacqueline-Cristina-Dietrich-Chaya-Design-GmbH-15-300x200.jpg 300w, https:\/\/www.chayagmbh.ch\/wp-content\/uploads\/2025\/02\/web-Jacqueline-Cristina-Dietrich-Chaya-Design-GmbH-15-1024x683.jpg 1024w, https:\/\/www.chayagmbh.ch\/wp-content\/uploads\/2025\/02\/web-Jacqueline-Cristina-Dietrich-Chaya-Design-GmbH-15-768x512.jpg 768w\" sizes=\"(max-width: 1500px) 100vw, 1500px\" \/>\t\t\t\t\t\t\t\t\t\t\t\t\t\t\t<\/div>\n\t\t\t\t<\/div>\n\t\t\t\t<\/div>\n\t\t<div class=\"elementor-element elementor-element-80077b2 e-con-full e-flex wpr-particle-no wpr-jarallax-no wpr-parallax-no wpr-sticky-section-no elementor-invisible e-con e-child\" data-id=\"80077b2\" data-element_type=\"container\" data-settings=\"{&quot;animation&quot;:&quot;fadeInRight&quot;,&quot;animation_mobile&quot;:&quot;none&quot;}\">\n\t\t\t\t<div class=\"elementor-element elementor-element-99b99fc elementor-widget elementor-widget-text-editor\" data-id=\"99b99fc\" data-element_type=\"widget\" data-widget_type=\"text-editor.default\">\n\t\t\t\t<div class=\"elementor-widget-container\">\n\t\t\t\t\t\t\t\t\t<p>I am a passionate interior designer and space planner with deep roots in a family of master painters and artists who have dedicated themselves to their craft for generations. As a certified master painter with a federal diploma and through various further training in color design and interior architecture, I bring not only extensive expertise but also a creative vision to every project.<\/p>\t\t\t\t\t\t\t\t<\/div>\n\t\t\t\t<\/div>\n\t\t\t\t<div class=\"elementor-element elementor-element-de09318 elementor-align-left elementor-widget elementor-widget-button\" data-id=\"de09318\" data-element_type=\"widget\" data-widget_type=\"button.default\">\n\t\t\t\t<div class=\"elementor-widget-container\">\n\t\t\t\t\t\t\t\t\t<div class=\"elementor-button-wrapper\">\n\t\t\t\t\t<a class=\"elementor-button elementor-button-link elementor-size-sm elementor-animation-grow\" href=\"\/en\/kontakt\/\">\n\t\t\t\t\t\t<span class=\"elementor-button-content-wrapper\">\n\t\t\t\t\t\t\t\t\t<span class=\"elementor-button-text\">Contact<\/span>\n\t\t\t\t\t<\/span>\n\t\t\t\t\t<\/a>\n\t\t\t\t<\/div>\n\t\t\t\t\t\t\t\t<\/div>\n\t\t\t\t<\/div>\n\t\t\t\t<\/div>\n\t\t\t\t<\/div>\n\t\t<div class=\"elementor-element elementor-element-c2a586f e-con-full e-flex wpr-particle-no wpr-jarallax-no wpr-parallax-no wpr-sticky-section-no e-con e-parent\" data-id=\"c2a586f\" data-element_type=\"container\">\n\t\t<div class=\"elementor-element elementor-element-7cf11db e-con-full e-flex wpr-particle-no wpr-jarallax-no wpr-parallax-no wpr-sticky-section-no elementor-invisible e-con e-child\" data-id=\"7cf11db\" data-element_type=\"container\" data-settings=\"{&quot;animation&quot;:&quot;fadeInLeft&quot;,&quot;animation_mobile&quot;:&quot;none&quot;}\">\n\t\t\t\t<div class=\"elementor-element elementor-element-6f8499a elementor-widget elementor-widget-text-editor\" data-id=\"6f8499a\" data-element_type=\"widget\" data-widget_type=\"text-editor.default\">\n\t\t\t\t<div class=\"elementor-widget-container\">\n\t\t\t\t\t\t\t\t\t<p>With over 10 years of experience in managing a trades business and 18 years in the construction industry, I have developed a solid understanding of both the practical and aesthetic aspects of design. My specialty is color design, as I believe that colors have the power to bring spaces to life and influence moods.<\/p>\t\t\t\t\t\t\t\t<\/div>\n\t\t\t\t<\/div>\n\t\t\t\t<\/div>\n\t\t<div class=\"elementor-element elementor-element-4e6caeb e-con-full e-flex wpr-particle-no wpr-jarallax-no wpr-parallax-no wpr-sticky-section-no e-con e-child\" data-id=\"4e6caeb\" data-element_type=\"container\">\n\t\t\t\t<div class=\"elementor-element elementor-element-9c99737 elementor-invisible elementor-widget elementor-widget-image\" data-id=\"9c99737\" data-element_type=\"widget\" data-settings=\"{&quot;_animation&quot;:&quot;fadeInRight&quot;,&quot;_animation_mobile&quot;:&quot;none&quot;}\" data-widget_type=\"image.default\">\n\t\t\t\t<div class=\"elementor-widget-container\">\n\t\t\t\t\t\t\t\t\t\t\t\t\t\t\t<img decoding=\"async\" width=\"765\" height=\"1024\" src=\"https:\/\/www.chayagmbh.ch\/wp-content\/uploads\/2025\/02\/Handwerker-765x1024.jpg\" class=\"attachment-large size-large wp-image-1107\" alt=\"\" srcset=\"https:\/\/www.chayagmbh.ch\/wp-content\/uploads\/2025\/02\/Handwerker-765x1024.jpg 765w, https:\/\/www.chayagmbh.ch\/wp-content\/uploads\/2025\/02\/Handwerker-224x300.jpg 224w, https:\/\/www.chayagmbh.ch\/wp-content\/uploads\/2025\/02\/Handwerker-768x1028.jpg 768w, https:\/\/www.chayagmbh.ch\/wp-content\/uploads\/2025\/02\/Handwerker-1148x1536.jpg 1148w, https:\/\/www.chayagmbh.ch\/wp-content\/uploads\/2025\/02\/Handwerker-1530x2048.jpg 1530w, https:\/\/www.chayagmbh.ch\/wp-content\/uploads\/2025\/02\/Handwerker-scaled.jpg 1913w\" sizes=\"(max-width: 765px) 100vw, 765px\" \/>\t\t\t\t\t\t\t\t\t\t\t\t\t\t\t<\/div>\n\t\t\t\t<\/div>\n\t\t\t\t<\/div>\n\t\t<div class=\"elementor-element elementor-element-cf330a3 e-con-full e-flex wpr-particle-no wpr-jarallax-no wpr-parallax-no wpr-sticky-section-no e-con e-child\" data-id=\"cf330a3\" data-element_type=\"container\">\n\t\t\t\t<div class=\"elementor-element elementor-element-4393322 elementor-invisible elementor-widget elementor-widget-image\" data-id=\"4393322\" data-element_type=\"widget\" data-settings=\"{&quot;_animation&quot;:&quot;fadeInRight&quot;,&quot;_animation_mobile&quot;:&quot;none&quot;}\" data-widget_type=\"image.default\">\n\t\t\t\t<div class=\"elementor-widget-container\">\n\t\t\t\t\t\t\t\t\t\t\t\t\t\t\t<img decoding=\"async\" width=\"768\" height=\"1024\" src=\"https:\/\/www.chayagmbh.ch\/wp-content\/uploads\/2025\/02\/Farben2-768x1024.jpg\" class=\"attachment-large size-large wp-image-1106\" alt=\"\" srcset=\"https:\/\/www.chayagmbh.ch\/wp-content\/uploads\/2025\/02\/Farben2-768x1024.jpg 768w, https:\/\/www.chayagmbh.ch\/wp-content\/uploads\/2025\/02\/Farben2-225x300.jpg 225w, https:\/\/www.chayagmbh.ch\/wp-content\/uploads\/2025\/02\/Farben2-1152x1536.jpg 1152w, https:\/\/www.chayagmbh.ch\/wp-content\/uploads\/2025\/02\/Farben2.jpg 1536w\" sizes=\"(max-width: 768px) 100vw, 768px\" \/>\t\t\t\t\t\t\t\t\t\t\t\t\t\t\t<\/div>\n\t\t\t\t<\/div>\n\t\t\t\t<\/div>\n\t\t\t\t<\/div>\n\t\t<div class=\"elementor-element elementor-element-92e7944 e-con-full e-flex wpr-particle-no wpr-jarallax-no wpr-parallax-no wpr-sticky-section-no e-con e-parent\" data-id=\"92e7944\" data-element_type=\"container\">\n\t\t<div class=\"elementor-element elementor-element-8bf71dd e-con-full e-flex wpr-particle-no wpr-jarallax-no wpr-parallax-no wpr-sticky-section-no e-con e-child\" data-id=\"8bf71dd\" data-element_type=\"container\">\n\t\t\t\t<div class=\"elementor-element elementor-element-b8a72f4 elementor-invisible elementor-widget elementor-widget-image\" data-id=\"b8a72f4\" data-element_type=\"widget\" data-settings=\"{&quot;_animation&quot;:&quot;fadeInLeft&quot;,&quot;_animation_mobile&quot;:&quot;none&quot;}\" data-widget_type=\"image.default\">\n\t\t\t\t<div class=\"elementor-widget-container\">\n\t\t\t\t\t\t\t\t\t\t\t\t\t\t\t<img loading=\"lazy\" decoding=\"async\" width=\"1500\" height=\"1000\" src=\"https:\/\/www.chayagmbh.ch\/wp-content\/uploads\/2025\/02\/web-Jacqueline-Cristina-Dietrich-Chaya-Design-GmbH-98.jpg\" class=\"attachment-full size-full wp-image-1108\" alt=\"\" srcset=\"https:\/\/www.chayagmbh.ch\/wp-content\/uploads\/2025\/02\/web-Jacqueline-Cristina-Dietrich-Chaya-Design-GmbH-98.jpg 1500w, https:\/\/www.chayagmbh.ch\/wp-content\/uploads\/2025\/02\/web-Jacqueline-Cristina-Dietrich-Chaya-Design-GmbH-98-300x200.jpg 300w, https:\/\/www.chayagmbh.ch\/wp-content\/uploads\/2025\/02\/web-Jacqueline-Cristina-Dietrich-Chaya-Design-GmbH-98-1024x683.jpg 1024w, https:\/\/www.chayagmbh.ch\/wp-content\/uploads\/2025\/02\/web-Jacqueline-Cristina-Dietrich-Chaya-Design-GmbH-98-768x512.jpg 768w\" sizes=\"(max-width: 1500px) 100vw, 1500px\" \/>\t\t\t\t\t\t\t\t\t\t\t\t\t\t\t<\/div>\n\t\t\t\t<\/div>\n\t\t\t\t<\/div>\n\t\t<div class=\"elementor-element elementor-element-816e4b6 e-con-full e-flex wpr-particle-no wpr-jarallax-no wpr-parallax-no wpr-sticky-section-no elementor-invisible e-con e-child\" data-id=\"816e4b6\" data-element_type=\"container\" data-settings=\"{&quot;animation&quot;:&quot;fadeInRight&quot;,&quot;animation_mobile&quot;:&quot;none&quot;}\">\n\t\t\t\t<div class=\"elementor-element elementor-element-bc36cf7 elementor-widget elementor-widget-text-editor\" data-id=\"bc36cf7\" data-element_type=\"widget\" data-widget_type=\"text-editor.default\">\n\t\t\t\t<div class=\"elementor-widget-container\">\n\t\t\t\t\t\t\t\t\t<p>My international stays in Canada, Australia, and Asia have broadened my perspective on architecture and art, providing me with valuable insights into different cultural approaches. These experiences influence my work and enrich my designs.<\/p><p>In my free time, alongside architecture and art, I am interested in travel, different cultures, business, and nature. I am often out and about with my loyal dog Chaya, who is the namesake of my company.<\/p>\t\t\t\t\t\t\t\t<\/div>\n\t\t\t\t<\/div>\n\t\t\t\t<\/div>\n\t\t\t\t<\/div>\n\t\t<div class=\"elementor-element elementor-element-2873a7e e-con-full e-flex wpr-particle-no wpr-jarallax-no wpr-parallax-no wpr-sticky-section-no e-con e-parent\" data-id=\"2873a7e\" data-element_type=\"container\">\n\t\t<div class=\"elementor-element elementor-element-b5efb12 e-con-full e-flex wpr-particle-no wpr-jarallax-no wpr-parallax-no wpr-sticky-section-no elementor-invisible e-con e-child\" data-id=\"b5efb12\" data-element_type=\"container\" data-settings=\"{&quot;animation&quot;:&quot;fadeInLeft&quot;,&quot;animation_mobile&quot;:&quot;none&quot;}\">\n\t\t\t\t<div class=\"elementor-element elementor-element-78cd648 elementor-widget elementor-widget-text-editor\" data-id=\"78cd648\" data-element_type=\"widget\" data-widget_type=\"text-editor.default\">\n\t\t\t\t<div class=\"elementor-widget-container\">\n\t\t\t\t\t\t\t\t\t<p>I look forward to working with you to bring your unique dreams to life and create spaces that are both beautiful and functional. Let's collaborate to turn your vision into reality!<\/p>\t\t\t\t\t\t\t\t<\/div>\n\t\t\t\t<\/div>\n\t\t\t\t<div class=\"elementor-element elementor-element-f394b06 elementor-align-left elementor-widget elementor-widget-button\" data-id=\"f394b06\" data-element_type=\"widget\" data-widget_type=\"button.default\">\n\t\t\t\t<div class=\"elementor-widget-container\">\n\t\t\t\t\t\t\t\t\t<div class=\"elementor-button-wrapper\">\n\t\t\t\t\t<a class=\"elementor-button elementor-button-link elementor-size-sm elementor-animation-grow\" href=\"https:\/\/www.chayagmbh.ch\/en\/portfolio\/\">\n\t\t\t\t\t\t<span class=\"elementor-button-content-wrapper\">\n\t\t\t\t\t\t\t\t\t<span class=\"elementor-button-text\">Referenzen &amp; Inspiration<\/span>\n\t\t\t\t\t<\/span>\n\t\t\t\t\t<\/a>\n\t\t\t\t<\/div>\n\t\t\t\t\t\t\t\t<\/div>\n\t\t\t\t<\/div>\n\t\t\t\t<\/div>\n\t\t<div class=\"elementor-element elementor-element-f62e184 e-con-full e-flex wpr-particle-no wpr-jarallax-no wpr-parallax-no wpr-sticky-section-no e-con e-child\" data-id=\"f62e184\" data-element_type=\"container\">\n\t\t\t\t<div class=\"elementor-element elementor-element-b8b2dad elementor-invisible elementor-widget elementor-widget-image\" data-id=\"b8b2dad\" data-element_type=\"widget\" data-settings=\"{&quot;_animation&quot;:&quot;fadeInRight&quot;,&quot;_animation_mobile&quot;:&quot;none&quot;}\" data-widget_type=\"image.default\">\n\t\t\t\t<div class=\"elementor-widget-container\">\n\t\t\t\t\t\t\t\t\t\t\t\t\t\t\t<img loading=\"lazy\" decoding=\"async\" width=\"800\" height=\"534\" src=\"https:\/\/www.chayagmbh.ch\/wp-content\/uploads\/2025\/02\/web-Jacqueline-Cristina-Dietrich-Chaya-Design-GmbH-33-1024x683.jpg\" class=\"attachment-large size-large wp-image-259\" alt=\"\" srcset=\"https:\/\/www.chayagmbh.ch\/wp-content\/uploads\/2025\/02\/web-Jacqueline-Cristina-Dietrich-Chaya-Design-GmbH-33-1024x683.jpg 1024w, https:\/\/www.chayagmbh.ch\/wp-content\/uploads\/2025\/02\/web-Jacqueline-Cristina-Dietrich-Chaya-Design-GmbH-33-300x200.jpg 300w, https:\/\/www.chayagmbh.ch\/wp-content\/uploads\/2025\/02\/web-Jacqueline-Cristina-Dietrich-Chaya-Design-GmbH-33-768x512.jpg 768w, https:\/\/www.chayagmbh.ch\/wp-content\/uploads\/2025\/02\/web-Jacqueline-Cristina-Dietrich-Chaya-Design-GmbH-33.jpg 1500w\" sizes=\"(max-width: 800px) 100vw, 800px\" \/>\t\t\t\t\t\t\t\t\t\t\t\t\t\t\t<\/div>\n\t\t\t\t<\/div>\n\t\t\t\t<\/div>\n\t\t\t\t<\/div>\n\t\t\t\t<\/div>","protected":false},"excerpt":{"rendered":"<p>Jacqueline Dietrich \u00dcber mich Ich bin eine leidenschaftliche Interior Designerin und Raumgestalterin mit einer tiefen Verwurzelung in einer Familie von Malermeistern und K\u00fcnstlern, die seit Generationen ihr Handwerk mit Hingabe aus\u00fcben. Als eidg. dipl. Malermeisterin&nbsp;und durch verschiedene Weiterbildungen in der Farbgestaltung sowie Innenarchitektur bringe ich nicht nur umfangreiche Fachkenntnisse, sondern auch eine kreative Vision in jedes Projekt ein. Kontakt Mit \u00fcber 10 Jahren Erfahrung in der Gesch\u00e4ftsf\u00fchrung eines Handwerkerbetriebs und 18 Jahren in der Baubranche habe ich ein fundiertes Verst\u00e4ndnis f\u00fcr die praktischen und \u00e4sthetischen Aspekte des Designs entwickelt. Mein Spezialgebiet ist die Farbgestaltung, denn ich bin \u00fcberzeugt, dass Farben R\u00e4ume zum Leben erwecken und Stimmungen beeinflussen k\u00f6nnen. Meine internationalen Aufenthalte in Kanada, Australien und Asien haben meine Perspektive auf Architektur und Kunst erweitert und mir wertvolle Einblicke in verschiedene kulturelle Ans\u00e4tze gegeben. Diese Erfahrungen fliessen in meine Arbeit ein und bereichern meine Designs. In meiner Freizeit interessiere ich mich neben Architektur und Kunst f\u00fcr Reisen, verschiedene Kulturen, Wirtschaft und die Natur. Oft bin ich mit meinem treuen Hund Chaya unterwegs, welche die Namensgeberin meiner Firma ist. Ich freue mich darauf, gemeinsam mit Ihnen Ihre individuellen Wohntr\u00e4ume zu verwirklichen und R\u00e4ume zu schaffen, die sowohl sch\u00f6n als auch funktional sind. Lassen Sie uns zusammenarbeiten, um Ihre Vision zum Leben zu erwecken! Referenzen &#038; Inspiration<\/p>","protected":false},"author":2,"featured_media":0,"parent":0,"menu_order":0,"comment_status":"closed","ping_status":"closed","template":"elementor_canvas","meta":{"footnotes":""},"class_list":["post-219","page","type-page","status-publish","hentry"],"yoast_head":"<!-- This site is optimized with the Yoast SEO plugin v25.6 - https:\/\/yoast.com\/wordpress\/plugins\/seo\/ -->\n<title>\u00dcber Jacqueline Dietrich - Chaya Design GmbH<\/title>\n<meta name=\"description\" content=\"Als eidg. dipl. Malermeisterin bringe ich nicht nur umfangreiche Fachkenntnisse, sondern auch eine kreative Vision in jedes Projekt ein.\" \/>\n<meta name=\"robots\" content=\"index, follow, max-snippet:-1, max-image-preview:large, max-video-preview:-1\" \/>\n<link rel=\"canonical\" href=\"https:\/\/www.chayagmbh.ch\/en\/ueber-mich\/\" \/>\n<meta property=\"og:locale\" content=\"en_US\" \/>\n<meta property=\"og:type\" content=\"article\" \/>\n<meta property=\"og:title\" content=\"\u00dcber Jacqueline Dietrich - Chaya Design GmbH\" \/>\n<meta property=\"og:description\" content=\"Als eidg. dipl. Malermeisterin bringe ich nicht nur umfangreiche Fachkenntnisse, sondern auch eine kreative Vision in jedes Projekt ein.\" \/>\n<meta property=\"og:url\" content=\"https:\/\/www.chayagmbh.ch\/en\/ueber-mich\/\" \/>\n<meta property=\"og:site_name\" content=\"Chaya Design GmbH\" \/>\n<meta property=\"article:modified_time\" content=\"2025-03-11T22:03:06+00:00\" \/>\n<meta property=\"og:image\" content=\"https:\/\/www.chayagmbh.ch\/wp-content\/uploads\/2025\/02\/web-Jacqueline-Cristina-Dietrich-Chaya-Design-GmbH-15.jpg\" \/>\n\t<meta property=\"og:image:width\" content=\"1500\" \/>\n\t<meta property=\"og:image:height\" content=\"1000\" \/>\n\t<meta property=\"og:image:type\" content=\"image\/jpeg\" \/>\n<meta name=\"twitter:card\" content=\"summary_large_image\" \/>\n<meta name=\"twitter:label1\" content=\"Est. reading time\" \/>\n\t<meta name=\"twitter:data1\" content=\"3 minutes\" \/>\n<script type=\"application\/ld+json\" class=\"yoast-schema-graph\">{\"@context\":\"https:\/\/schema.org\",\"@graph\":[{\"@type\":\"WebPage\",\"@id\":\"https:\/\/www.chayagmbh.ch\/ueber-mich\/\",\"url\":\"https:\/\/www.chayagmbh.ch\/ueber-mich\/\",\"name\":\"\u00dcber Jacqueline Dietrich - Chaya Design GmbH\",\"isPartOf\":{\"@id\":\"https:\/\/www.chayagmbh.ch\/#website\"},\"primaryImageOfPage\":{\"@id\":\"https:\/\/www.chayagmbh.ch\/ueber-mich\/#primaryimage\"},\"image\":{\"@id\":\"https:\/\/www.chayagmbh.ch\/ueber-mich\/#primaryimage\"},\"thumbnailUrl\":\"https:\/\/www.chayagmbh.ch\/wp-content\/uploads\/2025\/02\/web-Jacqueline-Cristina-Dietrich-Chaya-Design-GmbH-15.jpg\",\"datePublished\":\"2024-05-20T07:54:44+00:00\",\"dateModified\":\"2025-03-11T22:03:06+00:00\",\"description\":\"Als eidg. dipl. Malermeisterin bringe ich nicht nur umfangreiche Fachkenntnisse, sondern auch eine kreative Vision in jedes Projekt ein.\",\"breadcrumb\":{\"@id\":\"https:\/\/www.chayagmbh.ch\/ueber-mich\/#breadcrumb\"},\"inLanguage\":\"en-US\",\"potentialAction\":[{\"@type\":\"ReadAction\",\"target\":[\"https:\/\/www.chayagmbh.ch\/ueber-mich\/\"]}]},{\"@type\":\"ImageObject\",\"inLanguage\":\"en-US\",\"@id\":\"https:\/\/www.chayagmbh.ch\/ueber-mich\/#primaryimage\",\"url\":\"https:\/\/www.chayagmbh.ch\/wp-content\/uploads\/2025\/02\/web-Jacqueline-Cristina-Dietrich-Chaya-Design-GmbH-15.jpg\",\"contentUrl\":\"https:\/\/www.chayagmbh.ch\/wp-content\/uploads\/2025\/02\/web-Jacqueline-Cristina-Dietrich-Chaya-Design-GmbH-15.jpg\"},{\"@type\":\"BreadcrumbList\",\"@id\":\"https:\/\/www.chayagmbh.ch\/ueber-mich\/#breadcrumb\",\"itemListElement\":[{\"@type\":\"ListItem\",\"position\":1,\"name\":\"Startseite\",\"item\":\"https:\/\/www.chayagmbh.ch\/\"},{\"@type\":\"ListItem\",\"position\":2,\"name\":\"\u00dcber mich\"}]},{\"@type\":\"WebSite\",\"@id\":\"https:\/\/www.chayagmbh.ch\/#website\",\"url\":\"https:\/\/www.chayagmbh.ch\/\",\"name\":\"Chaya Design GmbH\",\"description\":\"Chaya Design GmbH\",\"potentialAction\":[{\"@type\":\"SearchAction\",\"target\":{\"@type\":\"EntryPoint\",\"urlTemplate\":\"https:\/\/www.chayagmbh.ch\/?s={search_term_string}\"},\"query-input\":{\"@type\":\"PropertyValueSpecification\",\"valueRequired\":true,\"valueName\":\"search_term_string\"}}],\"inLanguage\":\"en-US\"}]}<\/script>\n<!-- \/ Yoast SEO plugin. -->","yoast_head_json":{"title":"\u00dcber Jacqueline Dietrich - Chaya Design GmbH","description":"Als eidg. dipl. Malermeisterin bringe ich nicht nur umfangreiche Fachkenntnisse, sondern auch eine kreative Vision in jedes Projekt ein.","robots":{"index":"index","follow":"follow","max-snippet":"max-snippet:-1","max-image-preview":"max-image-preview:large","max-video-preview":"max-video-preview:-1"},"canonical":"https:\/\/www.chayagmbh.ch\/en\/ueber-mich\/","og_locale":"en_US","og_type":"article","og_title":"\u00dcber Jacqueline Dietrich - Chaya Design GmbH","og_description":"Als eidg. dipl. Malermeisterin bringe ich nicht nur umfangreiche Fachkenntnisse, sondern auch eine kreative Vision in jedes Projekt ein.","og_url":"https:\/\/www.chayagmbh.ch\/en\/ueber-mich\/","og_site_name":"Chaya Design GmbH","article_modified_time":"2025-03-11T22:03:06+00:00","og_image":[{"width":1500,"height":1000,"url":"https:\/\/www.chayagmbh.ch\/wp-content\/uploads\/2025\/02\/web-Jacqueline-Cristina-Dietrich-Chaya-Design-GmbH-15.jpg","type":"image\/jpeg"}],"twitter_card":"summary_large_image","twitter_misc":{"Est. reading time":"3 minutes"},"schema":{"@context":"https:\/\/schema.org","@graph":[{"@type":"WebPage","@id":"https:\/\/www.chayagmbh.ch\/ueber-mich\/","url":"https:\/\/www.chayagmbh.ch\/ueber-mich\/","name":"\u00dcber Jacqueline Dietrich - Chaya Design GmbH","isPartOf":{"@id":"https:\/\/www.chayagmbh.ch\/#website"},"primaryImageOfPage":{"@id":"https:\/\/www.chayagmbh.ch\/ueber-mich\/#primaryimage"},"image":{"@id":"https:\/\/www.chayagmbh.ch\/ueber-mich\/#primaryimage"},"thumbnailUrl":"https:\/\/www.chayagmbh.ch\/wp-content\/uploads\/2025\/02\/web-Jacqueline-Cristina-Dietrich-Chaya-Design-GmbH-15.jpg","datePublished":"2024-05-20T07:54:44+00:00","dateModified":"2025-03-11T22:03:06+00:00","description":"Als eidg. dipl. Malermeisterin bringe ich nicht nur umfangreiche Fachkenntnisse, sondern auch eine kreative Vision in jedes Projekt ein.","breadcrumb":{"@id":"https:\/\/www.chayagmbh.ch\/ueber-mich\/#breadcrumb"},"inLanguage":"en-US","potentialAction":[{"@type":"ReadAction","target":["https:\/\/www.chayagmbh.ch\/ueber-mich\/"]}]},{"@type":"ImageObject","inLanguage":"en-US","@id":"https:\/\/www.chayagmbh.ch\/ueber-mich\/#primaryimage","url":"https:\/\/www.chayagmbh.ch\/wp-content\/uploads\/2025\/02\/web-Jacqueline-Cristina-Dietrich-Chaya-Design-GmbH-15.jpg","contentUrl":"https:\/\/www.chayagmbh.ch\/wp-content\/uploads\/2025\/02\/web-Jacqueline-Cristina-Dietrich-Chaya-Design-GmbH-15.jpg"},{"@type":"BreadcrumbList","@id":"https:\/\/www.chayagmbh.ch\/ueber-mich\/#breadcrumb","itemListElement":[{"@type":"ListItem","position":1,"name":"Startseite","item":"https:\/\/www.chayagmbh.ch\/"},{"@type":"ListItem","position":2,"name":"\u00dcber mich"}]},{"@type":"WebSite","@id":"https:\/\/www.chayagmbh.ch\/#website","url":"https:\/\/www.chayagmbh.ch\/","name":"Chaya Design GmbH","description":"Chaya Design GmbH","potentialAction":[{"@type":"SearchAction","target":{"@type":"EntryPoint","urlTemplate":"https:\/\/www.chayagmbh.ch\/?s={search_term_string}"},"query-input":{"@type":"PropertyValueSpecification","valueRequired":true,"valueName":"search_term_string"}}],"inLanguage":"en-US"}]}},"_links":{"self":[{"href":"https:\/\/www.chayagmbh.ch\/en\/wp-json\/wp\/v2\/pages\/219","targetHints":{"allow":["GET"]}}],"collection":[{"href":"https:\/\/www.chayagmbh.ch\/en\/wp-json\/wp\/v2\/pages"}],"about":[{"href":"https:\/\/www.chayagmbh.ch\/en\/wp-json\/wp\/v2\/types\/page"}],"author":[{"embeddable":true,"href":"https:\/\/www.chayagmbh.ch\/en\/wp-json\/wp\/v2\/users\/2"}],"replies":[{"embeddable":true,"href":"https:\/\/www.chayagmbh.ch\/en\/wp-json\/wp\/v2\/comments?post=219"}],"version-history":[{"count":0,"href":"https:\/\/www.chayagmbh.ch\/en\/wp-json\/wp\/v2\/pages\/219\/revisions"}],"wp:attachment":[{"href":"https:\/\/www.chayagmbh.ch\/en\/wp-json\/wp\/v2\/media?parent=219"}],"curies":[{"name":"wp","href":"https:\/\/api.w.org\/{rel}","templated":true}]}}