{"id":807,"date":"2025-02-12T07:54:40","date_gmt":"2025-02-12T07:54:40","guid":{"rendered":"https:\/\/2025.chayagmbh.ch\/?page_id=807"},"modified":"2025-03-04T12:06:01","modified_gmt":"2025-03-04T12:06:01","slug":"impressum-datenschutz","status":"publish","type":"page","link":"https:\/\/www.chayagmbh.ch\/en\/impressum-datenschutz\/","title":{"rendered":"Imprint &amp; Privacy Policy"},"content":{"rendered":"<div data-elementor-type=\"wp-page\" data-elementor-id=\"807\" class=\"elementor elementor-807\">\n\t\t\t\t<div class=\"elementor-element elementor-element-d6f1251 e-flex e-con-boxed wpr-particle-no wpr-jarallax-no wpr-parallax-no wpr-sticky-section-no e-con e-parent\" data-id=\"d6f1251\" data-element_type=\"container\" data-settings=\"{&quot;background_background&quot;:&quot;classic&quot;}\">\n\t\t\t\t\t<div class=\"e-con-inner\">\n\t\t\t\t<div class=\"elementor-element elementor-element-de64ec9 elementor-widget elementor-widget-heading\" data-id=\"de64ec9\" data-element_type=\"widget\" data-widget_type=\"heading.default\">\n\t\t\t\t<div class=\"elementor-widget-container\">\n\t\t\t\t\t<h1 class=\"elementor-heading-title elementor-size-default\">Imprint &amp; Privacy Policy<\/h1>\t\t\t\t<\/div>\n\t\t\t\t<\/div>\n\t\t\t\t\t<\/div>\n\t\t\t\t<\/div>\n\t\t<div class=\"elementor-element elementor-element-ed1b7b6 e-flex e-con-boxed wpr-particle-no wpr-jarallax-no wpr-parallax-no wpr-sticky-section-no e-con e-parent\" data-id=\"ed1b7b6\" data-element_type=\"container\">\n\t\t\t\t\t<div class=\"e-con-inner\">\n\t\t\t\t<div class=\"elementor-element elementor-element-9b14ed5 elementor-widget elementor-widget-text-editor\" data-id=\"9b14ed5\" data-element_type=\"widget\" data-widget_type=\"text-editor.default\">\n\t\t\t\t<div class=\"elementor-widget-container\">\n\t\t\t\t\t\t\t\t\t<p data-start=\"679\" data-end=\"707\"><span style=\"text-decoration: underline;\"><strong>Website Owner<\/strong><\/span><\/p><p data-start=\"679\" data-end=\"707\">Chaya Design GmbH<br \/>Brauereiweg 23<br \/>8640 Rapperswil-Jona<\/p><p data-start=\"679\" data-end=\"707\"><span style=\"text-decoration: underline;\"><strong>Creation of the website<\/strong><\/span><\/p><p data-start=\"679\" data-end=\"707\">Valdivia Agency GmbH<br \/>Austrasse 4a<br \/>8646 Wagen<\/p><p data-start=\"679\" data-end=\"707\"><span style=\"text-decoration: underline;\"><strong data-start=\"683\" data-end=\"705\">Disclaimer<\/strong><\/span><\/p><p data-start=\"708\" data-end=\"1064\">The contents of this website were created with the greatest care. However, no guarantee can be given for the accuracy, completeness and timeliness of the contents. Despite careful control of the content, we accept no liability for external links. The operators of the linked pages are solely responsible for their content.<\/p><p data-start=\"1071\" data-end=\"1101\"><span style=\"text-decoration: underline;\"><strong data-start=\"1075\" data-end=\"1099\">Privacy Policy<\/strong><\/span><\/p><p>Based on Article 13 of the Swiss Federal Constitution and the Federal Act on Data Protection (Data Protection Act, FADP), every person has the right to protection of their privacy and protection against misuse of their personal data. We comply with these regulations. Personal data is treated as strictly confidential and is neither sold nor passed on to third parties.<\/p><p>In close cooperation with our hosting providers, we strive to protect the databases as best as possible from external access, loss, misuse, or falsification.<\/p><p>When accessing our website, the following data is stored in log files: IP address, date, time, browser request, and general information about the operating system or browser. This usage data forms the basis for statistical, anonymous evaluations, so that trends can be identified and we can improve our offerings accordingly.<\/p><p data-start=\"1103\" data-end=\"1326\"><strong data-start=\"1103\" data-end=\"1129\">1. General Information<\/strong><br data-start=\"1129\" data-end=\"1132\" \/>The protection of your personal data is an important concern. In this privacy policy, we explain which data we collect, how we use it, and what rights you have.<\/p><p data-start=\"1328\" data-end=\"1652\"><strong data-start=\"1328\" data-end=\"1384\">2. Collection and Processing of Personal Data<\/strong><br data-start=\"1384\" data-end=\"1387\" \/>We collect and process personal data only within the framework of legal provisions. Personal data refers to information that relates to an identified or identifiable person, such as name, address, email address, or IP address.<\/p><p data-start=\"1654\" data-end=\"1734\"><strong data-start=\"1654\" data-end=\"1678\">3. Use of Data<\/strong><br data-start=\"1678\" data-end=\"1681\" \/>Your data is processed for the following purposes:<\/p><ul><li>To provide and improve our website<\/li><li>To answer inquiries<\/li><li>To fulfill contractual and legal obligations<\/li><\/ul><p data-start=\"1886\" data-end=\"2070\">\u00a0<\/p><p data-start=\"1886\" data-end=\"2070\"><strong style=\"color: var( --e-global-color-text ); font-family: var( --e-global-typography-text-font-family ), Sans-serif; text-align: var(--text-align); font-size: 1rem;\" data-start=\"1886\" data-end=\"1913\">4. Transfer to Third Parties<\/strong><\/p><p data-start=\"1886\" data-end=\"2070\">Your data will only be passed on to third parties if this is necessary for the fulfillment of a contract or if there is a legal obligation.<\/p><p data-start=\"2072\" data-end=\"2275\"><strong data-start=\"2072\" data-end=\"2110\">Cookies &amp; tracking technologies<\/strong><br data-start=\"2110\" data-end=\"2113\" \/>Our website uses cookies to improve user-friendliness. You can deactivate the storage of cookies in your browser settings.<\/p>\t\t\t\t\t\t\t\t<\/div>\n\t\t\t\t<\/div>\n\t\t\t\t\t<\/div>\n\t\t\t\t<\/div>\n\t\t\t\t<\/div>","protected":false},"excerpt":{"rendered":"<p>Impressum &amp; Datenschutz Inhaberin der Webseite Chaya Design GmbHBrauereiweg 238640 Rapperswil-Jona Erstellung der Webseite Valdivia Agency GmbHAustrasse 4a8646 Wagen Haftungsausschluss Die Inhalte dieser Webseite wurden mit gr\u00f6sster Sorgfalt erstellt. F\u00fcr die Richtigkeit, Vollst\u00e4ndigkeit und Aktualit\u00e4t der Inhalte kann jedoch keine Gew\u00e4hr \u00fcbernommen werden. Trotz sorgf\u00e4ltiger inhaltlicher Kontrolle \u00fcbernehmen wir keine Haftung f\u00fcr externe Links. F\u00fcr den Inhalt der verlinkten Seiten sind ausschliesslich deren Betreiber verantwortlich. Datenschutzerkl\u00e4rung Gest\u00fctzt auf Artikel 13 der schweizerischen Bundesverfassung und die datenschutzrechtlichen Bestimmungen des Bundes (Datenschutzgesetz, DSG) hat jede Person Anspruch auf Schutz ihrer Privatsph\u00e4re sowie auf Schutz vor Missbrauch ihrer pers\u00f6nlichen Daten. Wir halten diese Bestimmungen ein. Pers\u00f6nliche Daten werden streng vertraulich behandelt und weder an Dritte verkauft noch weiter gegeben. In enger Zusammenarbeit mit unseren Hosting-Providern bem\u00fchen wir uns, die Datenbanken so gut wie m\u00f6glich vor fremden Zugriffen, Verlusten, Missbrauch oder vor F\u00e4lschung zu sch\u00fctzen. Beim Zugriff auf unsere Webseiten werden folgende Daten in Logfiles gespeichert: IP-Adresse, Datum, Uhrzeit, Browser-Anfrage und allg. \u00fcbertragene Informationen zum Betriebssystem resp. Browser. Diese Nutzungsdaten bilden die Basis f\u00fcr statistische, anonyme Auswertungen, so dass Trends erkennbar sind, anhand derer wir unsere Angebote entsprechend verbessern k\u00f6nnen. 1. Allgemeine HinweiseDer Schutz Ihrer pers\u00f6nlichen Daten ist ein wichtiges Anliegen. In dieser Datenschutzerkl\u00e4rung erl\u00e4utern wir, welche Daten wir erheben, wie wir sie nutzen und welche Rechte Ihnen zustehen. 2. Erhebung und Verarbeitung personenbezogener DatenWir erheben und verarbeiten personenbezogene Daten nur im Rahmen der gesetzlichen Bestimmungen. Personenbezogene Daten sind Informationen, die sich auf eine identifizierte oder identifizierbare Person beziehen, z. B. Name, Adresse, E-Mail-Adresse oder IP-Adresse. 3. Nutzung der DatenIhre Daten werden zu folgenden Zwecken verarbeitet: Zur Bereitstellung und Verbesserung unserer Webseite Zur Beantwortung von Anfragen Zur Erf\u00fcllung vertraglicher und gesetzlicher Pflichten \u00a0 4. Weitergabe an Dritte Eine Weitergabe Ihrer Daten an Dritte erfolgt nur, wenn dies zur Erf\u00fcllung eines Vertrages erforderlich ist oder eine gesetzliche Verpflichtung besteht. 5. Cookies &amp; Tracking-TechnologienUnsere Webseite verwendet Cookies, um die Nutzerfreundlichkeit zu verbessern. Sie k\u00f6nnen die Speicherung von Cookies in Ihren Browsereinstellungen deaktivieren.<\/p>","protected":false},"author":2,"featured_media":0,"parent":0,"menu_order":0,"comment_status":"closed","ping_status":"closed","template":"elementor_canvas","meta":{"footnotes":""},"class_list":["post-807","page","type-page","status-publish","hentry"],"yoast_head":"<!-- This site is optimized with the Yoast SEO plugin v25.6 - https:\/\/yoast.com\/wordpress\/plugins\/seo\/ -->\n<title>Impressum &amp; Datenschutz - Chaya Design GmbH<\/title>\n<meta name=\"robots\" content=\"noindex, nofollow\" \/>\n<meta property=\"og:locale\" content=\"en_US\" \/>\n<meta property=\"og:type\" content=\"article\" \/>\n<meta property=\"og:title\" content=\"Impressum &amp; Datenschutz - Chaya Design GmbH\" \/>\n<meta property=\"og:description\" content=\"Impressum &amp; Datenschutz Inhaberin der Webseite Chaya Design GmbHBrauereiweg 238640 Rapperswil-Jona Erstellung der Webseite Valdivia Agency GmbHAustrasse 4a8646 Wagen Haftungsausschluss Die Inhalte dieser Webseite wurden mit gr\u00f6sster Sorgfalt erstellt. F\u00fcr die Richtigkeit, Vollst\u00e4ndigkeit und Aktualit\u00e4t der Inhalte kann jedoch keine Gew\u00e4hr \u00fcbernommen werden. Trotz sorgf\u00e4ltiger inhaltlicher Kontrolle \u00fcbernehmen wir keine Haftung f\u00fcr externe Links. F\u00fcr den Inhalt der verlinkten Seiten sind ausschliesslich deren Betreiber verantwortlich. Datenschutzerkl\u00e4rung Gest\u00fctzt auf Artikel 13 der schweizerischen Bundesverfassung und die datenschutzrechtlichen Bestimmungen des Bundes (Datenschutzgesetz, DSG) hat jede Person Anspruch auf Schutz ihrer Privatsph\u00e4re sowie auf Schutz vor Missbrauch ihrer pers\u00f6nlichen Daten. Wir halten diese Bestimmungen ein. Pers\u00f6nliche Daten werden streng vertraulich behandelt und weder an Dritte verkauft noch weiter gegeben. In enger Zusammenarbeit mit unseren Hosting-Providern bem\u00fchen wir uns, die Datenbanken so gut wie m\u00f6glich vor fremden Zugriffen, Verlusten, Missbrauch oder vor F\u00e4lschung zu sch\u00fctzen. Beim Zugriff auf unsere Webseiten werden folgende Daten in Logfiles gespeichert: IP-Adresse, Datum, Uhrzeit, Browser-Anfrage und allg. \u00fcbertragene Informationen zum Betriebssystem resp. Browser. Diese Nutzungsdaten bilden die Basis f\u00fcr statistische, anonyme Auswertungen, so dass Trends erkennbar sind, anhand derer wir unsere Angebote entsprechend verbessern k\u00f6nnen. 1. Allgemeine HinweiseDer Schutz Ihrer pers\u00f6nlichen Daten ist ein wichtiges Anliegen. In dieser Datenschutzerkl\u00e4rung erl\u00e4utern wir, welche Daten wir erheben, wie wir sie nutzen und welche Rechte Ihnen zustehen. 2. Erhebung und Verarbeitung personenbezogener DatenWir erheben und verarbeiten personenbezogene Daten nur im Rahmen der gesetzlichen Bestimmungen. Personenbezogene Daten sind Informationen, die sich auf eine identifizierte oder identifizierbare Person beziehen, z. B. Name, Adresse, E-Mail-Adresse oder IP-Adresse. 3. Nutzung der DatenIhre Daten werden zu folgenden Zwecken verarbeitet: Zur Bereitstellung und Verbesserung unserer Webseite Zur Beantwortung von Anfragen Zur Erf\u00fcllung vertraglicher und gesetzlicher Pflichten \u00a0 4. Weitergabe an Dritte Eine Weitergabe Ihrer Daten an Dritte erfolgt nur, wenn dies zur Erf\u00fcllung eines Vertrages erforderlich ist oder eine gesetzliche Verpflichtung besteht. 5. Cookies &amp; Tracking-TechnologienUnsere Webseite verwendet Cookies, um die Nutzerfreundlichkeit zu verbessern. Sie k\u00f6nnen die Speicherung von Cookies in Ihren Browsereinstellungen deaktivieren.\" \/>\n<meta property=\"og:url\" content=\"https:\/\/www.chayagmbh.ch\/en\/impressum-datenschutz\/\" \/>\n<meta property=\"og:site_name\" content=\"Chaya Design GmbH\" \/>\n<meta property=\"article:modified_time\" content=\"2025-03-04T12:06:01+00:00\" \/>\n<meta name=\"twitter:card\" content=\"summary_large_image\" \/>\n<meta name=\"twitter:label1\" content=\"Est. reading time\" \/>\n\t<meta name=\"twitter:data1\" content=\"2 minutes\" \/>\n<script type=\"application\/ld+json\" class=\"yoast-schema-graph\">{\"@context\":\"https:\/\/schema.org\",\"@graph\":[{\"@type\":\"WebPage\",\"@id\":\"https:\/\/www.chayagmbh.ch\/impressum-datenschutz\/\",\"url\":\"https:\/\/www.chayagmbh.ch\/impressum-datenschutz\/\",\"name\":\"Impressum &amp; Datenschutz - Chaya Design GmbH\",\"isPartOf\":{\"@id\":\"https:\/\/www.chayagmbh.ch\/#website\"},\"datePublished\":\"2025-02-12T07:54:40+00:00\",\"dateModified\":\"2025-03-04T12:06:01+00:00\",\"breadcrumb\":{\"@id\":\"https:\/\/www.chayagmbh.ch\/impressum-datenschutz\/#breadcrumb\"},\"inLanguage\":\"en-US\",\"potentialAction\":[{\"@type\":\"ReadAction\",\"target\":[\"https:\/\/www.chayagmbh.ch\/impressum-datenschutz\/\"]}]},{\"@type\":\"BreadcrumbList\",\"@id\":\"https:\/\/www.chayagmbh.ch\/impressum-datenschutz\/#breadcrumb\",\"itemListElement\":[{\"@type\":\"ListItem\",\"position\":1,\"name\":\"Startseite\",\"item\":\"https:\/\/www.chayagmbh.ch\/\"},{\"@type\":\"ListItem\",\"position\":2,\"name\":\"Impressum &amp; Datenschutz\"}]},{\"@type\":\"WebSite\",\"@id\":\"https:\/\/www.chayagmbh.ch\/#website\",\"url\":\"https:\/\/www.chayagmbh.ch\/\",\"name\":\"Chaya Design GmbH\",\"description\":\"Chaya Design GmbH\",\"potentialAction\":[{\"@type\":\"SearchAction\",\"target\":{\"@type\":\"EntryPoint\",\"urlTemplate\":\"https:\/\/www.chayagmbh.ch\/?s={search_term_string}\"},\"query-input\":{\"@type\":\"PropertyValueSpecification\",\"valueRequired\":true,\"valueName\":\"search_term_string\"}}],\"inLanguage\":\"en-US\"}]}<\/script>\n<!-- \/ Yoast SEO plugin. -->","yoast_head_json":{"title":"Impressum &amp; Datenschutz - Chaya Design GmbH","robots":{"index":"noindex","follow":"nofollow"},"og_locale":"en_US","og_type":"article","og_title":"Impressum &amp; Datenschutz - Chaya Design GmbH","og_description":"Impressum &amp; Datenschutz Inhaberin der Webseite Chaya Design GmbHBrauereiweg 238640 Rapperswil-Jona Erstellung der Webseite Valdivia Agency GmbHAustrasse 4a8646 Wagen Haftungsausschluss Die Inhalte dieser Webseite wurden mit gr\u00f6sster Sorgfalt erstellt. F\u00fcr die Richtigkeit, Vollst\u00e4ndigkeit und Aktualit\u00e4t der Inhalte kann jedoch keine Gew\u00e4hr \u00fcbernommen werden. Trotz sorgf\u00e4ltiger inhaltlicher Kontrolle \u00fcbernehmen wir keine Haftung f\u00fcr externe Links. F\u00fcr den Inhalt der verlinkten Seiten sind ausschliesslich deren Betreiber verantwortlich. Datenschutzerkl\u00e4rung Gest\u00fctzt auf Artikel 13 der schweizerischen Bundesverfassung und die datenschutzrechtlichen Bestimmungen des Bundes (Datenschutzgesetz, DSG) hat jede Person Anspruch auf Schutz ihrer Privatsph\u00e4re sowie auf Schutz vor Missbrauch ihrer pers\u00f6nlichen Daten. Wir halten diese Bestimmungen ein. Pers\u00f6nliche Daten werden streng vertraulich behandelt und weder an Dritte verkauft noch weiter gegeben. In enger Zusammenarbeit mit unseren Hosting-Providern bem\u00fchen wir uns, die Datenbanken so gut wie m\u00f6glich vor fremden Zugriffen, Verlusten, Missbrauch oder vor F\u00e4lschung zu sch\u00fctzen. Beim Zugriff auf unsere Webseiten werden folgende Daten in Logfiles gespeichert: IP-Adresse, Datum, Uhrzeit, Browser-Anfrage und allg. \u00fcbertragene Informationen zum Betriebssystem resp. Browser. Diese Nutzungsdaten bilden die Basis f\u00fcr statistische, anonyme Auswertungen, so dass Trends erkennbar sind, anhand derer wir unsere Angebote entsprechend verbessern k\u00f6nnen. 1. Allgemeine HinweiseDer Schutz Ihrer pers\u00f6nlichen Daten ist ein wichtiges Anliegen. In dieser Datenschutzerkl\u00e4rung erl\u00e4utern wir, welche Daten wir erheben, wie wir sie nutzen und welche Rechte Ihnen zustehen. 2. Erhebung und Verarbeitung personenbezogener DatenWir erheben und verarbeiten personenbezogene Daten nur im Rahmen der gesetzlichen Bestimmungen. Personenbezogene Daten sind Informationen, die sich auf eine identifizierte oder identifizierbare Person beziehen, z. B. Name, Adresse, E-Mail-Adresse oder IP-Adresse. 3. Nutzung der DatenIhre Daten werden zu folgenden Zwecken verarbeitet: Zur Bereitstellung und Verbesserung unserer Webseite Zur Beantwortung von Anfragen Zur Erf\u00fcllung vertraglicher und gesetzlicher Pflichten \u00a0 4. Weitergabe an Dritte Eine Weitergabe Ihrer Daten an Dritte erfolgt nur, wenn dies zur Erf\u00fcllung eines Vertrages erforderlich ist oder eine gesetzliche Verpflichtung besteht. 5. Cookies &amp; Tracking-TechnologienUnsere Webseite verwendet Cookies, um die Nutzerfreundlichkeit zu verbessern. Sie k\u00f6nnen die Speicherung von Cookies in Ihren Browsereinstellungen deaktivieren.","og_url":"https:\/\/www.chayagmbh.ch\/en\/impressum-datenschutz\/","og_site_name":"Chaya Design GmbH","article_modified_time":"2025-03-04T12:06:01+00:00","twitter_card":"summary_large_image","twitter_misc":{"Est. reading time":"2 minutes"},"schema":{"@context":"https:\/\/schema.org","@graph":[{"@type":"WebPage","@id":"https:\/\/www.chayagmbh.ch\/impressum-datenschutz\/","url":"https:\/\/www.chayagmbh.ch\/impressum-datenschutz\/","name":"Impressum &amp; Datenschutz - Chaya Design GmbH","isPartOf":{"@id":"https:\/\/www.chayagmbh.ch\/#website"},"datePublished":"2025-02-12T07:54:40+00:00","dateModified":"2025-03-04T12:06:01+00:00","breadcrumb":{"@id":"https:\/\/www.chayagmbh.ch\/impressum-datenschutz\/#breadcrumb"},"inLanguage":"en-US","potentialAction":[{"@type":"ReadAction","target":["https:\/\/www.chayagmbh.ch\/impressum-datenschutz\/"]}]},{"@type":"BreadcrumbList","@id":"https:\/\/www.chayagmbh.ch\/impressum-datenschutz\/#breadcrumb","itemListElement":[{"@type":"ListItem","position":1,"name":"Startseite","item":"https:\/\/www.chayagmbh.ch\/"},{"@type":"ListItem","position":2,"name":"Impressum &amp; Datenschutz"}]},{"@type":"WebSite","@id":"https:\/\/www.chayagmbh.ch\/#website","url":"https:\/\/www.chayagmbh.ch\/","name":"Chaya Design GmbH","description":"Chaya Design GmbH","potentialAction":[{"@type":"SearchAction","target":{"@type":"EntryPoint","urlTemplate":"https:\/\/www.chayagmbh.ch\/?s={search_term_string}"},"query-input":{"@type":"PropertyValueSpecification","valueRequired":true,"valueName":"search_term_string"}}],"inLanguage":"en-US"}]}},"_links":{"self":[{"href":"https:\/\/www.chayagmbh.ch\/en\/wp-json\/wp\/v2\/pages\/807","targetHints":{"allow":["GET"]}}],"collection":[{"href":"https:\/\/www.chayagmbh.ch\/en\/wp-json\/wp\/v2\/pages"}],"about":[{"href":"https:\/\/www.chayagmbh.ch\/en\/wp-json\/wp\/v2\/types\/page"}],"author":[{"embeddable":true,"href":"https:\/\/www.chayagmbh.ch\/en\/wp-json\/wp\/v2\/users\/2"}],"replies":[{"embeddable":true,"href":"https:\/\/www.chayagmbh.ch\/en\/wp-json\/wp\/v2\/comments?post=807"}],"version-history":[{"count":0,"href":"https:\/\/www.chayagmbh.ch\/en\/wp-json\/wp\/v2\/pages\/807\/revisions"}],"wp:attachment":[{"href":"https:\/\/www.chayagmbh.ch\/en\/wp-json\/wp\/v2\/media?parent=807"}],"curies":[{"name":"wp","href":"https:\/\/api.w.org\/{rel}","templated":true}]}}